{"id":21220,"date":"2023-02-10T00:48:24","date_gmt":"2023-02-10T00:48:24","guid":{"rendered":"https:\/\/colegiocelta.com.mx\/?page_id=21220"},"modified":"2025-05-30T18:36:29","modified_gmt":"2025-05-30T18:36:29","slug":"formulario-de-admisiones","status":"publish","type":"page","link":"https:\/\/colegiocelta.com.mx\/index.php\/formulario-de-admisiones\/","title":{"rendered":"Formulario de Admisiones"},"content":{"rendered":"\t\t<div data-elementor-type=\"wp-page\" data-elementor-id=\"21220\" class=\"elementor elementor-21220\" data-elementor-post-type=\"page\">\n\t\t\t\t\t\t<section class=\"elementor-section elementor-top-section elementor-element elementor-element-b07fafa elementor-section-stretched elementor-section-boxed elementor-section-height-default elementor-section-height-default\" data-id=\"b07fafa\" data-element_type=\"section\" data-e-type=\"section\" data-settings=\"{&quot;stretch_section&quot;:&quot;section-stretched&quot;,&quot;background_background&quot;:&quot;classic&quot;}\">\n\t\t\t\t\t\t\t<div class=\"elementor-background-overlay\"><\/div>\n\t\t\t\t\t\t\t<div class=\"elementor-container elementor-column-gap-default\">\n\t\t\t\t\t<div class=\"elementor-column elementor-col-100 elementor-top-column elementor-element elementor-element-ec00990\" data-id=\"ec00990\" data-element_type=\"column\" data-e-type=\"column\">\n\t\t\t<div class=\"elementor-widget-wrap\">\n\t\t\t\t\t\t\t<\/div>\n\t\t<\/div>\n\t\t\t\t\t<\/div>\n\t\t<\/section>\n\t\t\t\t<section class=\"elementor-section elementor-top-section elementor-element elementor-element-f1da64e elementor-section-stretched elementor-section-boxed elementor-section-height-default elementor-section-height-default\" data-id=\"f1da64e\" data-element_type=\"section\" data-e-type=\"section\" data-settings=\"{&quot;stretch_section&quot;:&quot;section-stretched&quot;,&quot;background_background&quot;:&quot;classic&quot;}\">\n\t\t\t\t\t\t\t<div class=\"elementor-background-overlay\"><\/div>\n\t\t\t\t\t\t\t<div class=\"elementor-container elementor-column-gap-default\">\n\t\t\t\t\t<div class=\"elementor-column elementor-col-100 elementor-top-column elementor-element elementor-element-538a370\" data-id=\"538a370\" data-element_type=\"column\" data-e-type=\"column\">\n\t\t\t<div class=\"elementor-widget-wrap elementor-element-populated\">\n\t\t\t\t\t\t<div class=\"elementor-element elementor-element-f4daa4a elementor-widget elementor-widget-thim-heading\" data-id=\"f4daa4a\" data-element_type=\"widget\" data-e-type=\"widget\" data-widget_type=\"thim-heading.default\">\n\t\t\t\t<div class=\"elementor-widget-container\">\n\t\t\t\t\t\n<div class=\"bp-element bp-element-heading  align-center layout-1  \" >\n    \t<h3 class=\"title\"  style=\"color:#19810A; line-height:1; font-size:40px; font-weight:500; text-transform:none; margin:0 0 10px 0; \">\n\tAc\u00e9rcate a nosotros\t<\/h3>\n\n\t<span class=\"sub-title\"  style=\"line-height:1.777777; font-size:18px; font-weight:600; text-transform:none; margin:0px; \">Hoy m\u00e1s que nunca, M\u00e9xico requiere j\u00f3venes preparados para los retos a los que nos enfrentamos. Deseamos darte m\u00e1s posibilidades para que contin\u00faes super\u00e1ndote.<\/span>\n\n\n<\/div>\t\t\t\t<\/div>\n\t\t\t\t<\/div>\n\t\t\t\t\t<\/div>\n\t\t<\/div>\n\t\t\t\t\t<\/div>\n\t\t<\/section>\n\t\t\t\t<section class=\"elementor-section elementor-top-section elementor-element elementor-element-40b3725 elementor-section-stretched elementor-section-boxed elementor-section-height-default elementor-section-height-default\" data-id=\"40b3725\" data-element_type=\"section\" data-e-type=\"section\" data-settings=\"{&quot;stretch_section&quot;:&quot;section-stretched&quot;,&quot;background_background&quot;:&quot;classic&quot;}\">\n\t\t\t\t\t\t<div class=\"elementor-container elementor-column-gap-default\">\n\t\t\t\t\t<div class=\"elementor-column elementor-col-66 elementor-top-column elementor-element elementor-element-77ee55a\" data-id=\"77ee55a\" data-element_type=\"column\" data-e-type=\"column\" data-settings=\"{&quot;background_background&quot;:&quot;classic&quot;}\">\n\t\t\t<div class=\"elementor-widget-wrap elementor-element-populated\">\n\t\t\t\t\t\t<div class=\"elementor-element elementor-element-9b7253c elementor-widget elementor-widget-thim-heading\" data-id=\"9b7253c\" data-element_type=\"widget\" data-e-type=\"widget\" data-widget_type=\"thim-heading.default\">\n\t\t\t\t<div class=\"elementor-widget-container\">\n\t\t\t\t\t\n<div class=\"bp-element bp-element-heading  align-center layout-1  \" >\n    \t<h3 class=\"title\"  style=\"color:#FF7F02; line-height:1; font-size:40px; font-weight:500; text-transform:none; margin:0 0 10px 0; \">\n\t\u00a1Estamos listos para recibirte!\t<\/h3>\n\n\t<span class=\"sub-title\"  style=\"line-height:1.777777; font-size:18px; font-weight:600; text-transform:none; margin:0px; \">Puedes realizar tu proceso de admisi\u00f3n desde casa llenando el siguiente formulario o visitando de manera segura nuestro campus.<\/span>\n\n\n<\/div>\t\t\t\t<\/div>\n\t\t\t\t<\/div>\n\t\t\t\t<div class=\"elementor-element elementor-element-5f2c1ce elementor-widget elementor-widget-wpforms\" data-id=\"5f2c1ce\" data-element_type=\"widget\" data-e-type=\"widget\" data-widget_type=\"wpforms.default\">\n\t\t\t\t<div class=\"elementor-widget-container\">\n\t\t\t\t\t<div class=\"wpforms-container wpforms-container-full form-style\" id=\"wpforms-1603\"><form id=\"wpforms-form-1603\" class=\"wpforms-validate wpforms-form wpforms-ajax-form\" data-formid=\"1603\" method=\"post\" enctype=\"multipart\/form-data\" action=\"\/index.php\/wp-json\/wp\/v2\/pages\/21220\" data-token=\"3a980668803a1d9c1dd93b40c993f190\" data-token-time=\"1778680809\"><noscript class=\"wpforms-error-noscript\">Por favor, activa JavaScript en tu navegador para completar este formulario.<\/noscript><div class=\"wpforms-field-container\"><div id=\"wpforms-1603-field_1-container\" class=\"wpforms-field wpforms-field-text wpforms-one-half wpforms-first\" data-field-id=\"1\"><label class=\"wpforms-field-label wpforms-label-hide\" for=\"wpforms-1603-field_1\">Nombre completo: <span class=\"wpforms-required-label\">*<\/span><\/label><input type=\"text\" id=\"wpforms-1603-field_1\" class=\"wpforms-field-large wpforms-field-required\" name=\"wpforms[fields][1]\" placeholder=\"Nombre completo: *\" required><\/div><div id=\"wpforms-1603-field_2-container\" class=\"wpforms-field wpforms-field-text wpforms-one-half\" data-field-id=\"2\"><label class=\"wpforms-field-label wpforms-label-hide\" for=\"wpforms-1603-field_2\">Grado escolar especifico: <span class=\"wpforms-required-label\">*<\/span><\/label><input type=\"text\" id=\"wpforms-1603-field_2\" class=\"wpforms-field-large wpforms-field-required\" name=\"wpforms[fields][2]\" placeholder=\"Grado escolar especifico: *\" required><\/div><div id=\"wpforms-1603-field_3-container\" class=\"wpforms-field wpforms-field-text wpforms-one-half wpforms-first\" data-field-id=\"3\"><label class=\"wpforms-field-label wpforms-label-hide\" for=\"wpforms-1603-field_3\">Tel\u00e9fono: <span class=\"wpforms-required-label\">*<\/span><\/label><input type=\"text\" id=\"wpforms-1603-field_3\" class=\"wpforms-field-large wpforms-field-required\" name=\"wpforms[fields][3]\" placeholder=\"Tel\u00e9fono: *\" required><\/div><div id=\"wpforms-1603-field_4-container\" class=\"wpforms-field wpforms-field-text wpforms-one-half\" data-field-id=\"4\"><label class=\"wpforms-field-label wpforms-label-hide\" for=\"wpforms-1603-field_4\">Ciudad: <span class=\"wpforms-required-label\">*<\/span><\/label><input type=\"text\" id=\"wpforms-1603-field_4\" class=\"wpforms-field-large wpforms-field-required\" name=\"wpforms[fields][4]\" placeholder=\"Ciudad: * \" required><\/div><div id=\"wpforms-1603-field_5-container\" class=\"wpforms-field wpforms-field-email wpforms-one-half wpforms-first\" data-field-id=\"5\"><label class=\"wpforms-field-label wpforms-label-hide\" for=\"wpforms-1603-field_5\">Correo electr\u00f3nico: <span class=\"wpforms-required-label\">*<\/span><\/label><input type=\"email\" id=\"wpforms-1603-field_5\" class=\"wpforms-field-large wpforms-field-required\" name=\"wpforms[fields][5]\" placeholder=\"Correo electr\u00f3nico: *\" spellcheck=\"false\" required><\/div><div id=\"wpforms-1603-field_6-container\" class=\"wpforms-field wpforms-field-text wpforms-one-half\" data-field-id=\"6\"><label class=\"wpforms-field-label wpforms-label-hide\" for=\"wpforms-1603-field_6\">Escuela de la que proviene: <span class=\"wpforms-required-label\">*<\/span><\/label><input type=\"text\" id=\"wpforms-1603-field_6\" class=\"wpforms-field-large wpforms-field-required\" name=\"wpforms[fields][6]\" placeholder=\"Escuela de la que proviene: *\" required><\/div><div id=\"wpforms-1603-field_7-container\" class=\"wpforms-field wpforms-field-text\" data-field-id=\"7\"><label class=\"wpforms-field-label wpforms-label-hide\" for=\"wpforms-1603-field_7\">\u00bfQu\u00e9 buscas en un Colegio?: <span class=\"wpforms-required-label\">*<\/span><\/label><input type=\"text\" id=\"wpforms-1603-field_7\" class=\"wpforms-field-large wpforms-field-required\" name=\"wpforms[fields][7]\" placeholder=\"\u00bfQu\u00e9 buscas en un Colegio?: \" required><\/div><div id=\"wpforms-1603-field_8-container\" class=\"wpforms-field wpforms-field-text\" data-field-id=\"8\"><label class=\"wpforms-field-label wpforms-label-hide\" for=\"wpforms-1603-field_8\">\u00bfQu\u00e9 te llama la atenci\u00f3n de nuestro Colegio?: <span class=\"wpforms-required-label\">*<\/span><\/label><input type=\"text\" id=\"wpforms-1603-field_8\" class=\"wpforms-field-large wpforms-field-required\" name=\"wpforms[fields][8]\" placeholder=\"\u00bfQu\u00e9 te llama la atenci\u00f3n de nuestro Colegio?\" required><\/div><div id=\"wpforms-1603-field_9-container\" class=\"wpforms-field wpforms-field-textarea\" data-field-id=\"9\"><label class=\"wpforms-field-label wpforms-label-hide\" for=\"wpforms-1603-field_9\">Comentarios<\/label><textarea id=\"wpforms-1603-field_9\" class=\"wpforms-field-medium\" name=\"wpforms[fields][9]\" placeholder=\"Comentarios:\" ><\/textarea><\/div><\/div><!-- .wpforms-field-container --><div class=\"wpforms-submit-container\" ><input type=\"hidden\" name=\"wpforms[id]\" value=\"1603\"><input type=\"hidden\" name=\"page_title\" value=\"\"><input type=\"hidden\" name=\"page_url\" value=\"https:\/\/colegiocelta.com.mx\/index.php\/wp-json\/wp\/v2\/pages\/21220\"><input type=\"hidden\" name=\"url_referer\" value=\"\"><button type=\"submit\" name=\"wpforms[submit]\" id=\"wpforms-submit-1603\" class=\"wpforms-submit\" data-alt-text=\"Enviando...\" data-submit-text=\"Enviar\" aria-live=\"assertive\" value=\"wpforms-submit\">Enviar<\/button><img decoding=\"async\" src=\"https:\/\/colegiocelta.com.mx\/wp-content\/plugins\/wpforms-lite\/assets\/images\/submit-spin.svg\" class=\"wpforms-submit-spinner\" style=\"display: none;\" width=\"26\" height=\"26\" alt=\"Cargando\"><\/div><\/form><\/div>  <!-- .wpforms-container -->\t\t\t\t<\/div>\n\t\t\t\t<\/div>\n\t\t\t\t\t<\/div>\n\t\t<\/div>\n\t\t\t\t<div class=\"elementor-column elementor-col-33 elementor-top-column elementor-element elementor-element-e2c76dc\" data-id=\"e2c76dc\" data-element_type=\"column\" data-e-type=\"column\">\n\t\t\t<div class=\"elementor-widget-wrap\">\n\t\t\t\t\t\t\t<\/div>\n\t\t<\/div>\n\t\t\t\t\t<\/div>\n\t\t<\/section>\n\t\t\t\t<section class=\"elementor-section elementor-top-section elementor-element elementor-element-951edef elementor-section-stretched elementor-section-boxed elementor-section-height-default elementor-section-height-default elementor-invisible\" data-id=\"951edef\" data-element_type=\"section\" data-e-type=\"section\" data-settings=\"{&quot;stretch_section&quot;:&quot;section-stretched&quot;,&quot;background_background&quot;:&quot;classic&quot;,&quot;animation&quot;:&quot;tada&quot;}\">\n\t\t\t\t\t\t\t<div class=\"elementor-background-overlay\"><\/div>\n\t\t\t\t\t\t\t<div class=\"elementor-container elementor-column-gap-default\">\n\t\t\t\t\t<div class=\"elementor-column elementor-col-100 elementor-top-column elementor-element elementor-element-cfcda35\" data-id=\"cfcda35\" data-element_type=\"column\" data-e-type=\"column\">\n\t\t\t<div class=\"elementor-widget-wrap elementor-element-populated\">\n\t\t\t\t\t\t<div class=\"elementor-element elementor-element-fe0dbf4 elementor-widget elementor-widget-heading\" data-id=\"fe0dbf4\" data-element_type=\"widget\" data-e-type=\"widget\" data-widget_type=\"heading.default\">\n\t\t\t\t<div class=\"elementor-widget-container\">\n\t\t\t\t\t<h2 class=\"elementor-heading-title elementor-size-default\">\u00a1Queremos que formes parte de la Familia Celta!<\/h2>\t\t\t\t<\/div>\n\t\t\t\t<\/div>\n\t\t\t\t<div class=\"elementor-element elementor-element-242bfe2 elementor-widget elementor-widget-text-editor\" data-id=\"242bfe2\" data-element_type=\"widget\" data-e-type=\"widget\" data-widget_type=\"text-editor.default\">\n\t\t\t\t<div class=\"elementor-widget-container\">\n\t\t\t\t\t\t\t\t\t<p style=\"text-align: center;\">Cont\u00e1ctanos y recibe la informaci\u00f3n que necesitas para que tu hijo comience a estudiar en la escuela que se preocupa por su seguridad y su felicidad.<\/p>\t\t\t\t\t\t\t\t<\/div>\n\t\t\t\t<\/div>\n\t\t\t\t<section class=\"elementor-section elementor-inner-section elementor-element elementor-element-a73598f elementor-section-boxed elementor-section-height-default elementor-section-height-default\" data-id=\"a73598f\" data-element_type=\"section\" data-e-type=\"section\">\n\t\t\t\t\t\t<div class=\"elementor-container elementor-column-gap-default\">\n\t\t\t\t\t<div class=\"elementor-column elementor-col-50 elementor-inner-column elementor-element elementor-element-65eb07c\" data-id=\"65eb07c\" data-element_type=\"column\" data-e-type=\"column\">\n\t\t\t<div class=\"elementor-widget-wrap elementor-element-populated\">\n\t\t\t\t\t\t<div class=\"elementor-element elementor-element-bbb7daf elementor-align-right elementor-mobile-align-center elementor-widget elementor-widget-button\" data-id=\"bbb7daf\" data-element_type=\"widget\" data-e-type=\"widget\" data-widget_type=\"button.default\">\n\t\t\t\t<div class=\"elementor-widget-container\">\n\t\t\t\t\t\t\t\t\t<div class=\"elementor-button-wrapper\">\n\t\t\t\t\t<a class=\"elementor-button elementor-button-link elementor-size-lg\" href=\"https:\/\/wa.link\/mgs3y3\" target=\"_blank\">\n\t\t\t\t\t\t<span class=\"elementor-button-content-wrapper\">\n\t\t\t\t\t\t<span class=\"elementor-button-icon\">\n\t\t\t\t<i aria-hidden=\"true\" class=\"fab fa-whatsapp\"><\/i>\t\t\t<\/span>\n\t\t\t\t\t\t\t\t\t<span class=\"elementor-button-text\">Env\u00edanos un mensaje<\/span>\n\t\t\t\t\t<\/span>\n\t\t\t\t\t<\/a>\n\t\t\t\t<\/div>\n\t\t\t\t\t\t\t\t<\/div>\n\t\t\t\t<\/div>\n\t\t\t\t\t<\/div>\n\t\t<\/div>\n\t\t\t\t<div class=\"elementor-column elementor-col-50 elementor-inner-column elementor-element elementor-element-9bc4828\" data-id=\"9bc4828\" data-element_type=\"column\" data-e-type=\"column\">\n\t\t\t<div class=\"elementor-widget-wrap elementor-element-populated\">\n\t\t\t\t\t\t<div class=\"elementor-element elementor-element-eeaf959 elementor-align-left elementor-mobile-align-center elementor-widget elementor-widget-button\" data-id=\"eeaf959\" data-element_type=\"widget\" data-e-type=\"widget\" data-widget_type=\"button.default\">\n\t\t\t\t<div class=\"elementor-widget-container\">\n\t\t\t\t\t\t\t\t\t<div class=\"elementor-button-wrapper\">\n\t\t\t\t\t<a class=\"elementor-button elementor-button-link elementor-size-lg\" href=\"https:\/\/colegiocelta.com.mx\/index.php\/contact-us\/\">\n\t\t\t\t\t\t<span class=\"elementor-button-content-wrapper\">\n\t\t\t\t\t\t<span class=\"elementor-button-icon\">\n\t\t\t\t<i aria-hidden=\"true\" class=\"far fa-envelope\"><\/i>\t\t\t<\/span>\n\t\t\t\t\t\t\t\t\t<span class=\"elementor-button-text\">Agenda una cita<\/span>\n\t\t\t\t\t<\/span>\n\t\t\t\t\t<\/a>\n\t\t\t\t<\/div>\n\t\t\t\t\t\t\t\t<\/div>\n\t\t\t\t<\/div>\n\t\t\t\t\t<\/div>\n\t\t<\/div>\n\t\t\t\t\t<\/div>\n\t\t<\/section>\n\t\t\t\t\t<\/div>\n\t\t<\/div>\n\t\t\t\t\t<\/div>\n\t\t<\/section>\n\t\t\t\t<\/div>\n\t\t","protected":false},"excerpt":{"rendered":"<p>Ac\u00e9rcate a nosotros Hoy m\u00e1s que nunca, M\u00e9xico requiere j\u00f3venes preparados para los retos a los que nos enfrentamos. Deseamos&#8230;<\/p>\n","protected":false},"author":1,"featured_media":0,"parent":0,"menu_order":0,"comment_status":"closed","ping_status":"closed","template":"","meta":{"footnotes":""},"class_list":["post-21220","page","type-page","status-publish","hentry"],"yoast_head":"<!-- This site is optimized with the Yoast SEO plugin v27.4 - https:\/\/yoast.com\/product\/yoast-seo-wordpress\/ -->\n<title>Formulario de Admisiones - Colegio Celta<\/title>\n<meta name=\"robots\" content=\"index, follow, max-snippet:-1, max-image-preview:large, max-video-preview:-1\" \/>\n<link rel=\"canonical\" href=\"https:\/\/colegiocelta.com.mx\/index.php\/formulario-de-admisiones\/\" \/>\n<meta property=\"og:locale\" content=\"es_ES\" \/>\n<meta property=\"og:type\" content=\"article\" \/>\n<meta property=\"og:title\" content=\"Formulario de Admisiones - Colegio Celta\" \/>\n<meta property=\"og:description\" content=\"Ac\u00e9rcate a nosotros Hoy m\u00e1s que nunca, M\u00e9xico requiere j\u00f3venes preparados para los retos a los que nos enfrentamos. Deseamos...\" \/>\n<meta property=\"og:url\" content=\"https:\/\/colegiocelta.com.mx\/index.php\/formulario-de-admisiones\/\" \/>\n<meta property=\"og:site_name\" content=\"Colegio Celta\" \/>\n<meta property=\"article:publisher\" content=\"https:\/\/www.facebook.com\/ColegioCELTAInternacional\" \/>\n<meta property=\"article:modified_time\" content=\"2025-05-30T18:36:29+00:00\" \/>\n<meta property=\"og:image\" content=\"https:\/\/colegiocelta.com.mx\/wp-content\/plugins\/wpforms-lite\/assets\/images\/submit-spin.svg\" \/>\n<meta name=\"twitter:card\" content=\"summary_large_image\" \/>\n<meta name=\"twitter:label1\" content=\"Tiempo de lectura\" \/>\n\t<meta name=\"twitter:data1\" content=\"1 minuto\" \/>\n<script type=\"application\/ld+json\" class=\"yoast-schema-graph\">{\"@context\":\"https:\\\/\\\/schema.org\",\"@graph\":[{\"@type\":\"WebPage\",\"@id\":\"https:\\\/\\\/colegiocelta.com.mx\\\/index.php\\\/formulario-de-admisiones\\\/\",\"url\":\"https:\\\/\\\/colegiocelta.com.mx\\\/index.php\\\/formulario-de-admisiones\\\/\",\"name\":\"Formulario de Admisiones - Colegio Celta\",\"isPartOf\":{\"@id\":\"https:\\\/\\\/colegiocelta.com.mx\\\/#website\"},\"primaryImageOfPage\":{\"@id\":\"https:\\\/\\\/colegiocelta.com.mx\\\/index.php\\\/formulario-de-admisiones\\\/#primaryimage\"},\"image\":{\"@id\":\"https:\\\/\\\/colegiocelta.com.mx\\\/index.php\\\/formulario-de-admisiones\\\/#primaryimage\"},\"thumbnailUrl\":\"https:\\\/\\\/colegiocelta.com.mx\\\/wp-content\\\/plugins\\\/wpforms-lite\\\/assets\\\/images\\\/submit-spin.svg\",\"datePublished\":\"2023-02-10T00:48:24+00:00\",\"dateModified\":\"2025-05-30T18:36:29+00:00\",\"breadcrumb\":{\"@id\":\"https:\\\/\\\/colegiocelta.com.mx\\\/index.php\\\/formulario-de-admisiones\\\/#breadcrumb\"},\"inLanguage\":\"es\",\"potentialAction\":[{\"@type\":\"ReadAction\",\"target\":[\"https:\\\/\\\/colegiocelta.com.mx\\\/index.php\\\/formulario-de-admisiones\\\/\"]}]},{\"@type\":\"ImageObject\",\"inLanguage\":\"es\",\"@id\":\"https:\\\/\\\/colegiocelta.com.mx\\\/index.php\\\/formulario-de-admisiones\\\/#primaryimage\",\"url\":\"https:\\\/\\\/colegiocelta.com.mx\\\/wp-content\\\/plugins\\\/wpforms-lite\\\/assets\\\/images\\\/submit-spin.svg\",\"contentUrl\":\"https:\\\/\\\/colegiocelta.com.mx\\\/wp-content\\\/plugins\\\/wpforms-lite\\\/assets\\\/images\\\/submit-spin.svg\"},{\"@type\":\"BreadcrumbList\",\"@id\":\"https:\\\/\\\/colegiocelta.com.mx\\\/index.php\\\/formulario-de-admisiones\\\/#breadcrumb\",\"itemListElement\":[{\"@type\":\"ListItem\",\"position\":1,\"name\":\"Portada\",\"item\":\"https:\\\/\\\/colegiocelta.com.mx\\\/\"},{\"@type\":\"ListItem\",\"position\":2,\"name\":\"Formulario de Admisiones\"}]},{\"@type\":\"WebSite\",\"@id\":\"https:\\\/\\\/colegiocelta.com.mx\\\/#website\",\"url\":\"https:\\\/\\\/colegiocelta.com.mx\\\/\",\"name\":\"Colegio Celta\",\"description\":\"Colegio Celta\",\"publisher\":{\"@id\":\"https:\\\/\\\/colegiocelta.com.mx\\\/#organization\"},\"potentialAction\":[{\"@type\":\"SearchAction\",\"target\":{\"@type\":\"EntryPoint\",\"urlTemplate\":\"https:\\\/\\\/colegiocelta.com.mx\\\/?s={search_term_string}\"},\"query-input\":{\"@type\":\"PropertyValueSpecification\",\"valueRequired\":true,\"valueName\":\"search_term_string\"}}],\"inLanguage\":\"es\"},{\"@type\":\"Organization\",\"@id\":\"https:\\\/\\\/colegiocelta.com.mx\\\/#organization\",\"name\":\"Colegio Celta\",\"url\":\"https:\\\/\\\/colegiocelta.com.mx\\\/\",\"logo\":{\"@type\":\"ImageObject\",\"inLanguage\":\"es\",\"@id\":\"https:\\\/\\\/colegiocelta.com.mx\\\/#\\\/schema\\\/logo\\\/image\\\/\",\"url\":\"https:\\\/\\\/colegiocelta.com.mx\\\/wp-content\\\/uploads\\\/2023\\\/01\\\/colegio-celta.png\",\"contentUrl\":\"https:\\\/\\\/colegiocelta.com.mx\\\/wp-content\\\/uploads\\\/2023\\\/01\\\/colegio-celta.png\",\"width\":761,\"height\":193,\"caption\":\"Colegio Celta\"},\"image\":{\"@id\":\"https:\\\/\\\/colegiocelta.com.mx\\\/#\\\/schema\\\/logo\\\/image\\\/\"},\"sameAs\":[\"https:\\\/\\\/www.facebook.com\\\/ColegioCELTAInternacional\",\"https:\\\/\\\/www.instagram.com\\\/colegioceltainternacional\\\/\",\"https:\\\/\\\/www.youtube.com\\\/channel\\\/UCjNQiQNgACg_t2_z0TRyvhQ\",\"https:\\\/\\\/open.spotify.com\\\/show\\\/0SciuUNWBO5GYzeDlpyjRH\"]}]}<\/script>\n<!-- \/ Yoast SEO plugin. -->","yoast_head_json":{"title":"Formulario de Admisiones - Colegio Celta","robots":{"index":"index","follow":"follow","max-snippet":"max-snippet:-1","max-image-preview":"max-image-preview:large","max-video-preview":"max-video-preview:-1"},"canonical":"https:\/\/colegiocelta.com.mx\/index.php\/formulario-de-admisiones\/","og_locale":"es_ES","og_type":"article","og_title":"Formulario de Admisiones - Colegio Celta","og_description":"Ac\u00e9rcate a nosotros Hoy m\u00e1s que nunca, M\u00e9xico requiere j\u00f3venes preparados para los retos a los que nos enfrentamos. Deseamos...","og_url":"https:\/\/colegiocelta.com.mx\/index.php\/formulario-de-admisiones\/","og_site_name":"Colegio Celta","article_publisher":"https:\/\/www.facebook.com\/ColegioCELTAInternacional","article_modified_time":"2025-05-30T18:36:29+00:00","og_image":[{"url":"https:\/\/colegiocelta.com.mx\/wp-content\/plugins\/wpforms-lite\/assets\/images\/submit-spin.svg","type":"","width":"","height":""}],"twitter_card":"summary_large_image","twitter_misc":{"Tiempo de lectura":"1 minuto"},"schema":{"@context":"https:\/\/schema.org","@graph":[{"@type":"WebPage","@id":"https:\/\/colegiocelta.com.mx\/index.php\/formulario-de-admisiones\/","url":"https:\/\/colegiocelta.com.mx\/index.php\/formulario-de-admisiones\/","name":"Formulario de Admisiones - Colegio Celta","isPartOf":{"@id":"https:\/\/colegiocelta.com.mx\/#website"},"primaryImageOfPage":{"@id":"https:\/\/colegiocelta.com.mx\/index.php\/formulario-de-admisiones\/#primaryimage"},"image":{"@id":"https:\/\/colegiocelta.com.mx\/index.php\/formulario-de-admisiones\/#primaryimage"},"thumbnailUrl":"https:\/\/colegiocelta.com.mx\/wp-content\/plugins\/wpforms-lite\/assets\/images\/submit-spin.svg","datePublished":"2023-02-10T00:48:24+00:00","dateModified":"2025-05-30T18:36:29+00:00","breadcrumb":{"@id":"https:\/\/colegiocelta.com.mx\/index.php\/formulario-de-admisiones\/#breadcrumb"},"inLanguage":"es","potentialAction":[{"@type":"ReadAction","target":["https:\/\/colegiocelta.com.mx\/index.php\/formulario-de-admisiones\/"]}]},{"@type":"ImageObject","inLanguage":"es","@id":"https:\/\/colegiocelta.com.mx\/index.php\/formulario-de-admisiones\/#primaryimage","url":"https:\/\/colegiocelta.com.mx\/wp-content\/plugins\/wpforms-lite\/assets\/images\/submit-spin.svg","contentUrl":"https:\/\/colegiocelta.com.mx\/wp-content\/plugins\/wpforms-lite\/assets\/images\/submit-spin.svg"},{"@type":"BreadcrumbList","@id":"https:\/\/colegiocelta.com.mx\/index.php\/formulario-de-admisiones\/#breadcrumb","itemListElement":[{"@type":"ListItem","position":1,"name":"Portada","item":"https:\/\/colegiocelta.com.mx\/"},{"@type":"ListItem","position":2,"name":"Formulario de Admisiones"}]},{"@type":"WebSite","@id":"https:\/\/colegiocelta.com.mx\/#website","url":"https:\/\/colegiocelta.com.mx\/","name":"Colegio Celta","description":"Colegio Celta","publisher":{"@id":"https:\/\/colegiocelta.com.mx\/#organization"},"potentialAction":[{"@type":"SearchAction","target":{"@type":"EntryPoint","urlTemplate":"https:\/\/colegiocelta.com.mx\/?s={search_term_string}"},"query-input":{"@type":"PropertyValueSpecification","valueRequired":true,"valueName":"search_term_string"}}],"inLanguage":"es"},{"@type":"Organization","@id":"https:\/\/colegiocelta.com.mx\/#organization","name":"Colegio Celta","url":"https:\/\/colegiocelta.com.mx\/","logo":{"@type":"ImageObject","inLanguage":"es","@id":"https:\/\/colegiocelta.com.mx\/#\/schema\/logo\/image\/","url":"https:\/\/colegiocelta.com.mx\/wp-content\/uploads\/2023\/01\/colegio-celta.png","contentUrl":"https:\/\/colegiocelta.com.mx\/wp-content\/uploads\/2023\/01\/colegio-celta.png","width":761,"height":193,"caption":"Colegio Celta"},"image":{"@id":"https:\/\/colegiocelta.com.mx\/#\/schema\/logo\/image\/"},"sameAs":["https:\/\/www.facebook.com\/ColegioCELTAInternacional","https:\/\/www.instagram.com\/colegioceltainternacional\/","https:\/\/www.youtube.com\/channel\/UCjNQiQNgACg_t2_z0TRyvhQ","https:\/\/open.spotify.com\/show\/0SciuUNWBO5GYzeDlpyjRH"]}]}},"_links":{"self":[{"href":"https:\/\/colegiocelta.com.mx\/index.php\/wp-json\/wp\/v2\/pages\/21220","targetHints":{"allow":["GET"]}}],"collection":[{"href":"https:\/\/colegiocelta.com.mx\/index.php\/wp-json\/wp\/v2\/pages"}],"about":[{"href":"https:\/\/colegiocelta.com.mx\/index.php\/wp-json\/wp\/v2\/types\/page"}],"author":[{"embeddable":true,"href":"https:\/\/colegiocelta.com.mx\/index.php\/wp-json\/wp\/v2\/users\/1"}],"replies":[{"embeddable":true,"href":"https:\/\/colegiocelta.com.mx\/index.php\/wp-json\/wp\/v2\/comments?post=21220"}],"version-history":[{"count":52,"href":"https:\/\/colegiocelta.com.mx\/index.php\/wp-json\/wp\/v2\/pages\/21220\/revisions"}],"predecessor-version":[{"id":25700,"href":"https:\/\/colegiocelta.com.mx\/index.php\/wp-json\/wp\/v2\/pages\/21220\/revisions\/25700"}],"wp:attachment":[{"href":"https:\/\/colegiocelta.com.mx\/index.php\/wp-json\/wp\/v2\/media?parent=21220"}],"curies":[{"name":"wp","href":"https:\/\/api.w.org\/{rel}","templated":true}]}}